{"id":76004,"date":"2024-11-15T09:51:40","date_gmt":"2024-11-15T08:51:40","guid":{"rendered":"https:\/\/drk2021.chorzow.pl\/?page_id=76004"},"modified":"2025-08-06T11:29:46","modified_gmt":"2025-08-06T09:29:46","slug":"dofinansowanie","status":"publish","type":"page","link":"https:\/\/drukarnia2026.chorzow.pl\/en\/dofinansowanie\/","title":{"rendered":"Dofinansowane przez Uni\u0119 Europejsk\u0105"},"content":{"rendered":"\n\t<div class=\"img has-hover x md-x lg-x y md-y lg-y\" id=\"image_900081856\">\n\t\t\t\t<div data-parallax-fade=\"true\" data-parallax=\"2\">\t\t<div data-animate=\"flipInX\">\t\t<div class=\"img-inner dark\" >\n\t\t\t<img loading=\"lazy\" decoding=\"async\" width=\"2560\" height=\"227\" src=\"https:\/\/drukarnia2026.chorzow.pl\/wp-content\/uploads\/2024\/11\/baner-loga-ue-duzy-scaled.jpg\" class=\"attachment-original size-original\" alt=\"\" srcset=\"https:\/\/drukarnia2026.chorzow.pl\/wp-content\/uploads\/2024\/11\/baner-loga-ue-duzy-scaled.jpg 2560w, https:\/\/drukarnia2026.chorzow.pl\/wp-content\/uploads\/2024\/11\/baner-loga-ue-duzy-scaled-1200x106.jpg 1200w, https:\/\/drukarnia2026.chorzow.pl\/wp-content\/uploads\/2024\/11\/baner-loga-ue-duzy-800x71.jpg 800w, https:\/\/drukarnia2026.chorzow.pl\/wp-content\/uploads\/2024\/11\/baner-loga-ue-duzy-1400x124.jpg 1400w, https:\/\/drukarnia2026.chorzow.pl\/wp-content\/uploads\/2024\/11\/baner-loga-ue-duzy-768x68.jpg 768w, https:\/\/drukarnia2026.chorzow.pl\/wp-content\/uploads\/2024\/11\/baner-loga-ue-duzy-1536x136.jpg 1536w, https:\/\/drukarnia2026.chorzow.pl\/wp-content\/uploads\/2024\/11\/baner-loga-ue-duzy-2048x182.jpg 2048w\" sizes=\"auto, (max-width: 2560px) 100vw, 2560px\" title=\"\">\t\t\t\t\t\t\n\t\t\t\t\t<\/div>\n\t\t<\/div>\t\t<\/div>\t\t\t\t\n<style>\n#image_900081856 {\n  width: 100%;\n}\n<\/style>\n\t<\/div>\n\t\n\n<p style=\"text-align: center;\"><span style=\"color: #333399;\"><strong><span class=\"html-span xdj266r x11i5rnm xat24cr x1mh8g0r xexx8yu x4uap5 x18d9i69 xkhd6sd x1hl2dhg x16tdsg8 x1vvkbs\"><a class=\"x1i10hfl xjbqb8w x1ejq31n xd10rxx x1sy0etr x17r0tee x972fbf xcfux6l x1qhh985 xm0m39n x9f619 x1ypdohk xt0psk2 xe8uvvx xdj266r x11i5rnm xat24cr x1mh8g0r xexx8yu x4uap5 x18d9i69 xkhd6sd x16tdsg8 x1hl2dhg xggy1nq x1a2a7pz x1sur9pj xkrqix3 x1fey0fg x1s688f\" style=\"color: #333399;\" tabindex=\"0\" role=\"link\" href=\"https:\/\/www.facebook.com\/hashtag\/funduszeue?__eep__=6&amp;__cft__[0]=AZVW8IPfaLrAeFCTyGExguE6EOB0plo79fK6uTPl2PkCqUNHtVslzYMYLjryKdpKheiE1Rc6SbRvMv8EBkmCKdFW6aOfl8iYBym6OkAon03N34xPyeuKE0Saregwd_vwDQi0Ba2rbAn_i1fvjZoillWdEq8tzV9TNCpVLxI2wk_VagFxrcU0xdVpobDIOpQH0MG6wjY_Rq9H6IoMwnoQhWek&amp;__tn__=*NK-R\" target=\"_blank\" rel=\"noopener\">#FunduszeUE<\/a><\/span> <span class=\"html-span xdj266r x11i5rnm xat24cr x1mh8g0r xexx8yu x4uap5 x18d9i69 xkhd6sd x1hl2dhg x16tdsg8 x1vvkbs\"><a class=\"x1i10hfl xjbqb8w x1ejq31n xd10rxx x1sy0etr x17r0tee x972fbf xcfux6l x1qhh985 xm0m39n x9f619 x1ypdohk xt0psk2 xe8uvvx xdj266r x11i5rnm xat24cr x1mh8g0r xexx8yu x4uap5 x18d9i69 xkhd6sd x16tdsg8 x1hl2dhg xggy1nq x1a2a7pz x1sur9pj xkrqix3 x1fey0fg x1s688f\" style=\"color: #333399;\" tabindex=\"0\" role=\"link\" href=\"https:\/\/www.facebook.com\/hashtag\/funduszeeuropejskie?__eep__=6&amp;__cft__[0]=AZVW8IPfaLrAeFCTyGExguE6EOB0plo79fK6uTPl2PkCqUNHtVslzYMYLjryKdpKheiE1Rc6SbRvMv8EBkmCKdFW6aOfl8iYBym6OkAon03N34xPyeuKE0Saregwd_vwDQi0Ba2rbAn_i1fvjZoillWdEq8tzV9TNCpVLxI2wk_VagFxrcU0xdVpobDIOpQH0MG6wjY_Rq9H6IoMwnoQhWek&amp;__tn__=*NK-R\" target=\"_blank\" rel=\"noopener\">#FunduszeEuropejskie<\/a><\/span><\/strong><\/span><\/p>\n<p>Firma NotaPress Jacek Zupok realizuje projekt inwestycyjny pt.:<\/p>\n<p style=\"text-align: center;\"><b>Zwi\u0119kszenie konkurencyjno\u015bci firmy poprzez zakup i wdro\u017cenie nowoczesnej,<br \/>wysokowydajnej linii produkcyjnej w ramach jej kompleksowej rozbudowy<\/b>.<\/p>\n<p>Projekt o warto\u015bci: <b>1.509.450,00 z\u0142.<\/b>\u00a0znalaz\u0142 si\u0119 na li\u015bcie projekt\u00f3w, kt\u00f3re mog\u0105 otrzyma\u0107 dofinansowanie ze \u015brodk\u00f3w Unii Europejskiej.<\/p>\n<p style=\"text-align: center;\"><b>Wnioskowane dofinansowanie projektu wynosi: 668.899,80 z\u0142.<\/b><\/p>\n<p>G\u0142\u00f3wnym celem projektu jest zniesienie ogranicze\u0144 wyst\u0119puj\u0105cych w kluczowym procesie produkcyjnym firmy, wp\u0142ywaj\u0105cych\u00a0na wydajno\u015b\u0107 produkcyjn\u0105, jako\u015b\u0107 \u015bwiadczonych us\u0142ug i produkt\u00f3w. Projekt zak\u0142ada zmian\u0119 procesu produkcji poprzez\u00a0zintegrowanie nowoczesnych technologii (programowanie i sterowanie cyfrowe) zastosowanych w obj\u0119tych zakupem\u00a0krajarkach i maksymalne zautomatyzowanie proces\u00f3w w celu zwi\u0119kszenia wydajno\u015bci, poprawy jako\u015bci produkowanych wyrob\u00f3w oraz zredukowania koszt\u00f3w operacyjnych i \u015brodowiskowych. Wraz z redukcj\u0105 koszt\u00f3w zwi\u0119kszy si\u0119 rentowno\u015b\u0107 operacyjna firmy, zmniejszy obci\u0105\u017cenia fizyczne za\u0142ogi i zwi\u0119kszy ochron\u0119 \u015brodowiska.<\/p>\n<p>Projekt zak\u0142ada:<\/p>\n<p>1. Zakup dw\u00f3ch nowoczesnych, sterowanych komputerowo krajarek wraz z zautomatyzowanymi urz\u0105dzeniami peryferyjnymi, jako g\u0142\u00f3wny element zautomatyzowanej linii produkcyjnej.<br \/>2. Zakup urz\u0105dzenia do klejenia blok\u00f3w papierowych.<br \/>3. Zakup windy towarowo-osobowej, kt\u00f3ra umo\u017cliwi sprawny przep\u0142yw p\u00f3\u0142produkt\u00f3w w tej cz\u0119\u015bci proces\u00f3w, kt\u00f3re s\u0105\u00a0przedmiotem inwestycji oraz wp\u0142ynie na popraw\u0119 warunk\u00f3w zwi\u0105zanych z\u00a0zasadami dost\u0119pno\u015bci.<\/p>\n<p>Realizacja Projektu skierowana jest zar\u00f3wno do obecnych pracownik\u00f3w, potencjalnych pracownik\u00f3w, jej klient\u00f3w oraz podwykonawc\u00f3w. Poniewa\u017c efektem realizacji Projektu b\u0119dzie poprawa ochrony \u015brodowiska, w pewnym stopniu skorzysta z niego ca\u0142e spo\u0142ecze\u0144stwo.<\/p>\n<p>Efekty realizacji Projektu, w odniesieniu do zasad Spo\u0142ecznej Odpowiedzialno\u015bci Biznesu (CSR), wp\u0142yn\u0105 na popraw\u0119 godnych warunk\u00f3w pracy, r\u00f3wno\u015b\u0107 p\u0142ci, mo\u017cliwo\u015bci awansu i rozwoju zawodowego, a tak\u017ce tworzenia miejsca pracy dost\u0119pnego dla os\u00f3b z niepe\u0142nosprawno\u015bciami. Efekty jako\u015bciowe wynikaj\u0105ce z realizacji projektu to: modernizacja organizacji procesu produkcji i automatyzacja procesu technologicznego, wdro\u017cenie Gospodarki Obiegu Zamkni\u0119tego, podniesienie kompetencji cyfrowych pracownik\u00f3w, zwi\u0119kszenie efektywno\u015bci produkcyjnej, surowcowej i energetycznej, zmniejszenie koszt\u00f3w operacyjnych, zmniejszenie ilo\u015bci odpad\u00f3w, zwi\u0119kszenie konkurencyjno\u015bci firmy, poprawa warunk\u00f3w BHP w firmie, w tym usuni\u0119cie barier w dost\u0119pie (w tym architektonicznych), poprawa wizerunku marketingowego firmy, realny wp\u0142yw na transformacj\u0119 regionu. Pozosta\u0142e efekty realizacji Projektu to wzrost liczby wykonanych zam\u00f3wie\u0144 wynikaj\u0105cy z automatyzacji i poprawy wydajno\u015bci oraz skr\u00f3cenie czasu realizacji zam\u00f3wie\u0144, poprawa jako\u015bci produkt\u00f3w i obni\u017cenie ich cen wynikaj\u0105ce z oszcz\u0119dno\u015bci z tytu\u0142u zmniejszenia odpad\u00f3w produkcyjnych.<\/p>\n<p>\u00a0<\/p>\n<p><b>Aktualizacja informacji o Projekcie (26.06.2025).<\/b><br \/><br \/>Projekt uko\u0144czono w dniu: 5.03.2025.<br \/>Dofinansowanie (na dzie\u0144: 26.06.2025) wynosi: 479 865,97 PLN<br \/>W ramach realizacji Projektu zakupiono: dwie nowoczesne, sterowane komputerowo krajarki, p\u00f3\u0142automatyczne urz\u0105dzenie do klejenia blok\u00f3w papierowych oraz wind\u0119 towarowo-osobow\u0105 w dwukondygnacyjnej hali produkcyjnej.<br \/><br \/><b><u>Efekty realizacji Projektu.<\/u><\/b><br \/>Uruchomienie windy towarowo-osobowej pozwoli\u0142o na wprowadzenie do u\u017cytku dodatkowej 600 m2 powierzchni produkcyjnej, zlikwidowa\u0142o bariery architektoniczne, zar\u00f3wno pod k\u0105tem dost\u0119pno\u015bci miejsc pracy dla os\u00f3b z niepe\u0142nosprawno\u015bciami, jak i umo\u017cliwi\u0142o swobodny przep\u0142yw towar\u00f3w w procesach produkcyjnych. Zakup nowoczesnych urz\u0105dze\u0144 skutkowa\u0142o zautomatyzowaniem dw\u00f3ch linii produkcyjnych. Znacz\u0105co obni\u017cy\u0142 obci\u0105\u017cenia fizyczne pracownik\u00f3w, a ich praca sta\u0142a si\u0119 znacznie l\u017cejsza i bardziej efektywna. Zastosowane systemy automatyzacji nie tylko u\u0142atwi\u0142y obs\u0142ug\u0119 maszyn, ale r\u00f3wnie\u017c przyczyni\u0142y si\u0119 do oszcz\u0119dno\u015bci surowc\u00f3w dzi\u0119ki znacz\u0105cej poprawie precyzji w kluczowych procesach. Ponadto, zwi\u0119kszenie wydajno\u015bci produkcji pozwala na prac\u0119 jednozmianow\u0105, co pozwala na korzystanie z energii s\u0142onecznej i co przek\u0142ada si\u0119 na znaczne oszcz\u0119dno\u015bci energetyczne.<br \/><br \/>Wprowadzone rozwi\u0105zania wp\u0142yn\u0119\u0142y r\u00f3wnie\u017c na popraw\u0119 warunk\u00f3w pracy, zwi\u0119kszenie efektywno\u015bci produkcyjnej oraz zmniejszenie ilo\u015bci odpad\u00f3w, co jest zgodne z zasadami Gospodarki Obiegu Zamkni\u0119tego. Dzi\u0119ki tym dzia\u0142aniom firma nie tylko podnios\u0142a swoje kompetencje cyfrowe, ale tak\u017ce poprawi\u0142a wizerunek marketingowy, staj\u0105c si\u0119 bardziej konkurencyjn\u0105 na rynku. Odzwierciedleniem tych oszcz\u0119dno\u015bci jest rabat GOZ obecny w kalkulacji cenowej ka\u017cdego produktu. <br \/><br \/>Realizacja projektu przyczyni\u0142a si\u0119 r\u00f3wnie\u017c do transformacji regionu, tworz\u0105c nowe miejsca pracy dost\u0119pne dla wszystkich, w tym os\u00f3b z niepe\u0142nosprawno\u015bciami, oraz poprawiaj\u0105c og\u00f3lne warunki BHP. Wszystkie te dzia\u0142ania maj\u0105 realny wp\u0142yw na ochron\u0119 \u015brodowiska, co przynosi korzy\u015bci ca\u0142emu spo\u0142ecze\u0144stwu.<\/p>\n\n\n\n<p><\/p>\n","protected":false},"excerpt":{"rendered":"","protected":false},"author":4,"featured_media":0,"parent":0,"menu_order":0,"comment_status":"closed","ping_status":"closed","template":"page-blank-title-center.php","meta":{"footnotes":""},"class_list":["post-76004","page","type-page","status-publish","hentry"],"_links":{"self":[{"href":"https:\/\/drukarnia2026.chorzow.pl\/en\/wp-json\/wp\/v2\/pages\/76004","targetHints":{"allow":["GET"]}}],"collection":[{"href":"https:\/\/drukarnia2026.chorzow.pl\/en\/wp-json\/wp\/v2\/pages"}],"about":[{"href":"https:\/\/drukarnia2026.chorzow.pl\/en\/wp-json\/wp\/v2\/types\/page"}],"author":[{"embeddable":true,"href":"https:\/\/drukarnia2026.chorzow.pl\/en\/wp-json\/wp\/v2\/users\/4"}],"replies":[{"embeddable":true,"href":"https:\/\/drukarnia2026.chorzow.pl\/en\/wp-json\/wp\/v2\/comments?post=76004"}],"version-history":[{"count":16,"href":"https:\/\/drukarnia2026.chorzow.pl\/en\/wp-json\/wp\/v2\/pages\/76004\/revisions"}],"predecessor-version":[{"id":88003,"href":"https:\/\/drukarnia2026.chorzow.pl\/en\/wp-json\/wp\/v2\/pages\/76004\/revisions\/88003"}],"wp:attachment":[{"href":"https:\/\/drukarnia2026.chorzow.pl\/en\/wp-json\/wp\/v2\/media?parent=76004"}],"curies":[{"name":"wp","href":"https:\/\/api.w.org\/{rel}","templated":true}]}}