{"id":99,"date":"2013-08-11T19:22:53","date_gmt":"2013-08-11T17:22:53","guid":{"rendered":"http:\/\/localhost:8888\/test\/?page_id=532"},"modified":"2025-11-27T21:20:39","modified_gmt":"2025-11-27T20:20:39","slug":"kontakt","status":"publish","type":"page","link":"https:\/\/drukarnia2026.chorzow.pl\/en\/kontakt\/","title":{"rendered":"Contact"},"content":{"rendered":"<div id=\"gap-322984884\" class=\"gap-element clearfix\" style=\"display:block; height:auto;\">\n\t\t\n<style>\n#gap-322984884 {\n  padding-top: 109px;\n}\n<\/style>\n\t<\/div>\n\t\n\n<div class=\"row\"  id=\"row-1164962095\">\n\n\n\t<div id=\"col-1491578832\" class=\"col medium-7 large-7\"  >\n\t\t\t\t<div class=\"col-inner\"  >\n\t\t\t\n\t\t\t\n\n<div class=\"container section-title-container\" ><h3 class=\"section-title section-title-normal\"><b aria-hidden=\"true\"><\/b><span class=\"section-title-main\" >Contact<\/span><b aria-hidden=\"true\"><\/b><\/h3><\/div>\n\n<div class=\"row row-collapse row-full-width\"  id=\"row-2138139668\">\n\n\n\t<div id=\"col-1369774042\" class=\"col medium-6 large-6\"  >\n\t\t\t\t<div class=\"col-inner\"  >\n\t\t\t\n\t\t\t\n\n<p><span style=\"color: #0d38b8;\"><strong>Customer Service Office<\/strong><\/span><\/p>\n<p>&nbsp; &nbsp; &nbsp; &nbsp; &nbsp; &nbsp; &nbsp;41-506 Chorzow, ul. Dyrekcyjna 6b&nbsp; &nbsp; &nbsp; &nbsp; &nbsp; &nbsp; &nbsp; &nbsp; &nbsp; &nbsp; &nbsp; &nbsp; &nbsp; &nbsp; &nbsp; &nbsp; &nbsp; &nbsp; &nbsp; &nbsp; &nbsp; &nbsp; &nbsp; &nbsp; &nbsp; &nbsp; &nbsp; &nbsp; &nbsp; &nbsp; &nbsp; &nbsp; &nbsp; &nbsp;&nbsp;<strong><em>Central:<\/em> 32 307 11 30<\/strong><br \/>&nbsp; &nbsp; &nbsp; &nbsp; <strong>&nbsp; &nbsp;<em> &nbsp;mobile:<\/em> 530 937 037<\/strong><br \/>&nbsp; &nbsp; &nbsp; &nbsp; &nbsp; &nbsp; &nbsp;<a href=\"mailto:sekretariat@notapress.pl?Subject=Zam\u00f3wienie nr:\">handlowy@notapress.pl<\/a><\/p>\n<p><!--more--><\/p>\n<p><span style=\"color: #0d38b8;\"><strong>Graphic studio<\/strong><\/span><\/p>\n<p>&nbsp; &nbsp; &nbsp; &nbsp; &nbsp; &nbsp;&nbsp; <a href=\"mailto:grafik@notapress.pl\">grafik@notapress.pl<\/a><\/p>\n<p style=\"padding-left: 40px; text-align: left;\"><a href=\"mailto:dtp2@notapress.pl?Subject=Zam\u00f3wienie nr:\">dtp2@notapress.pl<\/a><br \/><strong><em>mobile phone:<\/em> 533 373 515<\/strong><\/p>\n<p style=\"padding-left: 40px; text-align: left;\"><a href=\"mailto:dtp4@notapress.pl?Subject=Zam\u00f3wienie nr:\">dtp4@notapress.pl<\/a><br \/><strong><em>mobile phone: <\/em>533 373 540<\/strong><\/p>\n<p><!--more--><\/p>\n<p class=\"thin-font\"><span style=\"color: #0d38b8;\"><strong>Bookkeeping<\/strong><\/span>&nbsp; &nbsp; &nbsp; &nbsp; &nbsp; &nbsp; &nbsp;<\/p>\n<p>&nbsp; &nbsp; &nbsp; &nbsp; &nbsp; &nbsp; &nbsp;<a href=\"mailto:ksiegowosc@notapress.pl?Subject=Zam\u00f3wienie nr:\">ksiegowosc@notapress.pl<\/a>&nbsp; &nbsp; &nbsp; &nbsp; &nbsp; &nbsp; &nbsp; &nbsp; &nbsp; &nbsp; &nbsp; &nbsp; &nbsp;<\/p>\n<p><strong><em>&nbsp; &nbsp; &nbsp; &nbsp; &nbsp; &nbsp; &nbsp;mobile phone: <\/em>515 522 619<\/strong><\/p>\n<p><!--more--><\/p>\n<p><span style=\"background-color: #ffffff; color: #0d38b8;\"><strong>Calendars<\/strong><\/span><\/p>\n<p>&nbsp; &nbsp; &nbsp; &nbsp; &nbsp; &nbsp; &nbsp;<a href=\"mailto:kalendarze@notapress.pl\">kalendarze@notapress.pl<\/a>&nbsp; &nbsp; &nbsp; &nbsp; &nbsp; &nbsp; &nbsp; &nbsp; &nbsp; &nbsp; &nbsp; &nbsp; &nbsp; &nbsp;<\/p>\n<p><strong><em>&nbsp; &nbsp; &nbsp; &nbsp; &nbsp; &nbsp; &nbsp;mobile phone: <\/em>515 522 619<\/strong><\/p>\n<p><!--more--><\/p>\n<p><span style=\"color: #0d38b8;\"><strong>Company headquarters<\/strong><\/span><\/p>\n<p>&nbsp; &nbsp; &nbsp; &nbsp; &nbsp; &nbsp; <strong>&nbsp;NotaPress<\/strong> Jacek Zupok<br \/>&nbsp; &nbsp; &nbsp; &nbsp; &nbsp; &nbsp; &nbsp;41-506 Chorzow, ul. Zelazna 20<br \/>&nbsp; &nbsp; &nbsp; &nbsp; &nbsp;<strong> &nbsp; <em>&nbsp;Tax identification number:<\/em> 627-173-04-17<\/strong><\/p>\n\n\t\t<\/div>\n\t\t\t\t\t<\/div>\n\n\t\n\n\t<div id=\"col-2009557738\" class=\"col medium-6 large-6\"  >\n\t\t\t\t<div class=\"col-inner\"  >\n\t\t\t\n\t\t\t\n\n<table style=\"font-size: 14.4px; height: 867px;\" width=\"506\">\n<tbody>\n<tr>\n<td><img loading=\"lazy\" decoding=\"async\" class=\"\" src=\"https:\/\/drukarnia2026.chorzow.pl\/wp-content\/uploads\/2025\/04\/phone-77.png\" width=\"24\" height=\"24\" alt=\"\" title=\"\"><span style=\"font-size: 105%;\"><strong> Contact printing house&nbsp;<\/strong><\/span><\/td>\n<td><strong><span style=\"font-size: 105%;\">Katowice:&nbsp;<\/span><\/strong><\/td>\n<td><strong><span style=\"font-size: 105%;\">32 307 11 30<\/span><\/strong><\/td>\n<td><strong><span style=\"font-size: 105%;\">7:00 &#8211; 16:00<\/span><\/strong><\/td>\n<\/tr>\n<tr>\n<td><img loading=\"lazy\" decoding=\"async\" class=\"\" src=\"https:\/\/drukarnia2026.chorzow.pl\/wp-content\/uploads\/2025\/04\/phone-77.png\" width=\"24\" height=\"24\" alt=\"\" title=\"\"><span style=\"font-size: 105%;\"><strong> Contact printing house&nbsp;<\/strong><\/span><\/td>\n<td><strong><span style=\"font-size: 105%;\">Bydgoszcz:&nbsp;<\/span><\/strong><\/td>\n<td><strong><span style=\"font-size: 105%;\">52 307 60 15<\/span><\/strong><\/td>\n<td><strong><span style=\"font-size: 105%;\">8:00 &#8211; 16:00<\/span><\/strong><\/td>\n<\/tr>\n<tr>\n<td><img loading=\"lazy\" decoding=\"async\" class=\"\" src=\"https:\/\/drukarnia2026.chorzow.pl\/wp-content\/uploads\/2025\/04\/phone-77.png\" width=\"24\" height=\"24\" alt=\"\" title=\"\"><span style=\"font-size: 105%;\"><strong> Contact printing house&nbsp;<\/strong><\/span><\/td>\n<td><strong><span style=\"font-size: 105%;\">Gdansk:&nbsp;<\/span><\/strong><\/td>\n<td><strong><span style=\"font-size: 105%;\">58 380 07 90<\/span><\/strong><\/td>\n<td><strong><span style=\"font-size: 105%;\">7:00 &#8211; 16:00<\/span><\/strong><\/td>\n<\/tr>\n<tr>\n<td><img loading=\"lazy\" decoding=\"async\" class=\"\" src=\"https:\/\/drukarnia2026.chorzow.pl\/wp-content\/uploads\/2025\/04\/phone-77.png\" width=\"24\" height=\"24\" alt=\"\" title=\"\"><span style=\"font-size: 105%;\"><strong> Contact printing house&nbsp;<\/strong><\/span><\/td>\n<td><strong><span style=\"font-size: 105%;\">Kielce:&nbsp;<\/span><\/strong><\/td>\n<td><strong><span style=\"font-size: 105%;\">41 202 02 35<\/span><\/strong><\/td>\n<td><strong><span style=\"font-size: 105%;\">7:00 &#8211; 16:00<\/span><\/strong><\/td>\n<\/tr>\n<tr>\n<td><img loading=\"lazy\" decoding=\"async\" class=\"\" src=\"https:\/\/drukarnia2026.chorzow.pl\/wp-content\/uploads\/2025\/04\/phone-77.png\" width=\"24\" height=\"24\" alt=\"\" title=\"\"><span style=\"font-size: 105%;\"><strong> Contact printing house&nbsp;<\/strong><\/span><\/td>\n<td><strong><span style=\"font-size: 105%;\">Cracow:&nbsp;<\/span><\/strong><\/td>\n<td><strong><span style=\"font-size: 105%;\">12 307 11 77<\/span><\/strong><\/td>\n<td><strong><span style=\"font-size: 105%;\">7:00 &#8211; 16:00<\/span><\/strong><\/td>\n<\/tr>\n<tr>\n<td><img loading=\"lazy\" decoding=\"async\" class=\"\" src=\"https:\/\/drukarnia2026.chorzow.pl\/wp-content\/uploads\/2025\/04\/phone-77.png\" width=\"24\" height=\"24\" alt=\"\" title=\"\"><span style=\"font-size: 105%;\"><strong> Contact printing house&nbsp;<\/strong><\/span><\/td>\n<td><strong><span style=\"font-size: 105%;\">Lublin:&nbsp;<\/span><\/strong><\/td>\n<td><strong><span style=\"font-size: 105%;\">81 307 02 72<\/span><\/strong><\/td>\n<td><strong><span style=\"font-size: 105%;\">7:00 &#8211; 16:00<\/span><\/strong><\/td>\n<\/tr>\n<tr>\n<td><img loading=\"lazy\" decoding=\"async\" class=\"\" src=\"https:\/\/drukarnia2026.chorzow.pl\/wp-content\/uploads\/2025\/04\/phone-77.png\" width=\"24\" height=\"24\" alt=\"\" title=\"\"><span style=\"font-size: 105%;\"><strong> Contact printing house&nbsp;<\/strong><\/span><\/td>\n<td><strong><span style=\"font-size: 105%;\">\u0141\u00f3d\u017a:&nbsp;<\/span><\/strong><\/td>\n<td><strong><span style=\"font-size: 105%;\">42 307 05 70<\/span><\/strong><\/td>\n<td><strong><span style=\"font-size: 105%;\">8:00 &#8211; 16:00<\/span><\/strong><\/td>\n<\/tr>\n<tr>\n<td><img loading=\"lazy\" decoding=\"async\" class=\"\" src=\"https:\/\/drukarnia2026.chorzow.pl\/wp-content\/uploads\/2025\/04\/phone-77.png\" width=\"24\" height=\"24\" alt=\"\" title=\"\"><span style=\"font-size: 105%;\"><strong> Contact printing house&nbsp;<\/strong><\/span><\/td>\n<td><strong><span style=\"font-size: 105%;\">Opole:&nbsp;<\/span><\/strong><\/td>\n<td><strong><span style=\"font-size: 105%;\">77 307 01 44<\/span><\/strong><\/td>\n<td><strong><span style=\"font-size: 105%;\">8:00 &#8211; 16:00<\/span><\/strong><\/td>\n<\/tr>\n<tr>\n<td><img loading=\"lazy\" decoding=\"async\" class=\"\" src=\"https:\/\/drukarnia2026.chorzow.pl\/wp-content\/uploads\/2025\/04\/phone-77.png\" width=\"24\" height=\"24\" alt=\"\" title=\"\"><span style=\"font-size: 105%;\"><strong> Contact printing house&nbsp;<\/strong><\/span><\/td>\n<td><strong><span style=\"font-size: 105%;\">Olsztyn:&nbsp;<\/span><\/strong><\/td>\n<td><strong><span style=\"font-size: 105%;\">89 307 02 92<\/span><\/strong><\/td>\n<td><strong><span style=\"font-size: 105%;\">7:00 &#8211; 16:00<\/span><\/strong><\/td>\n<\/tr>\n<tr>\n<td><img loading=\"lazy\" decoding=\"async\" class=\"\" src=\"https:\/\/drukarnia2026.chorzow.pl\/wp-content\/uploads\/2025\/04\/phone-77.png\" width=\"24\" height=\"24\" alt=\"\" title=\"\"><span style=\"font-size: 105%;\"><strong> Contact printing house&nbsp;<\/strong><\/span><\/td>\n<td><strong><span style=\"font-size: 105%;\">Poznan:&nbsp;<\/span><\/strong><\/td>\n<td><strong><span style=\"font-size: 105%;\">61 307 20 10<\/span><\/strong><\/td>\n<td><strong><span style=\"font-size: 105%;\">8:00 &#8211; 16:00<\/span><\/strong><\/td>\n<\/tr>\n<tr>\n<td><img loading=\"lazy\" decoding=\"async\" class=\"\" src=\"https:\/\/drukarnia2026.chorzow.pl\/wp-content\/uploads\/2025\/04\/phone-77.png\" width=\"24\" height=\"24\" alt=\"\" title=\"\"><span style=\"font-size: 105%;\"><strong> Contact printing house&nbsp;<\/strong><\/span><\/td>\n<td><strong><span style=\"font-size: 105%;\">Rzeszow:&nbsp;<\/span><\/strong><\/td>\n<td><strong><span style=\"font-size: 105%;\">17 200 03 24<\/span><\/strong><\/td>\n<td><strong><span style=\"font-size: 105%;\">7:00 &#8211; 16:00<\/span><\/strong><\/td>\n<\/tr>\n<tr>\n<td><img loading=\"lazy\" decoding=\"async\" class=\"\" src=\"https:\/\/drukarnia2026.chorzow.pl\/wp-content\/uploads\/2025\/04\/phone-77.png\" width=\"24\" height=\"24\" alt=\"\" title=\"\"><span style=\"font-size: 105%;\"><strong> Contact printing house&nbsp;<\/strong><\/span><\/td>\n<td><strong><span style=\"font-size: 105%;\">Szczecin:&nbsp;<\/span><\/strong><\/td>\n<td><strong><span style=\"font-size: 105%;\">91 300 04 34<\/span><\/strong><\/td>\n<td><strong><span style=\"font-size: 105%;\">8:00 &#8211; 16:00<\/span><\/strong><\/td>\n<\/tr>\n<tr>\n<td><img loading=\"lazy\" decoding=\"async\" class=\"\" src=\"https:\/\/drukarnia2026.chorzow.pl\/wp-content\/uploads\/2025\/04\/phone-77.png\" width=\"24\" height=\"24\" alt=\"\" title=\"\"><span style=\"font-size: 105%;\"><strong> Contact printing house&nbsp;<\/strong><\/span><\/td>\n<td><strong><span style=\"font-size: 105%;\">Warsaw:&nbsp;&nbsp;<\/span><\/strong><\/td>\n<td><strong><span style=\"font-size: 105%;\">22 308 01 02<\/span><\/strong><\/td>\n<td><strong><span style=\"font-size: 105%;\">8:00 &#8211; 16:00<\/span><\/strong><\/td>\n<\/tr>\n<tr>\n<td><img loading=\"lazy\" decoding=\"async\" class=\"\" src=\"https:\/\/drukarnia2026.chorzow.pl\/wp-content\/uploads\/2025\/04\/phone-77.png\" width=\"24\" height=\"24\" alt=\"\" title=\"\"><span style=\"font-size: 105%;\"><strong> Contact printing house&nbsp;<\/strong><\/span><\/td>\n<td><strong><span style=\"font-size: 105%;\">Wroclaw:&nbsp;<\/span><\/strong><\/td>\n<td><strong><span style=\"font-size: 105%;\">71 307 11 50<\/span><\/strong><\/td>\n<td><strong><span style=\"font-size: 105%;\">8:00 &#8211; 16:00<\/span><\/strong><\/td>\n<\/tr>\n<tr>\n<td><img loading=\"lazy\" decoding=\"async\" class=\"\" src=\"https:\/\/drukarnia2026.chorzow.pl\/wp-content\/uploads\/2025\/04\/phone-77.png\" width=\"24\" height=\"24\" alt=\"\" title=\"\"><span style=\"font-size: 105%;\"><strong> Contact printing house&nbsp;<\/strong><\/span><\/td>\n<td><strong><span style=\"font-size: 105%;\">Zielona Gora:&nbsp;<\/span><\/strong><\/td>\n<td><strong><span style=\"font-size: 105%;\">68 307 04 20<\/span><\/strong><\/td>\n<td><strong><span style=\"font-size: 105%;\">8:00 &#8211; 16:00<\/span><\/strong><\/td>\n<\/tr>\n<\/tbody>\n<\/table>\n<p>&nbsp;<\/p>\n\n\t\t<\/div>\n\t\t\t\t\t<\/div>\n\n\t\n\n<\/div>\n\t<div id=\"text-356819361\" class=\"text\">\n\t\t\n\n<p><iframe src=\"https:\/\/www.google.com\/maps\/embed?pb=!1m18!1m12!1m3!1d1402.7521354298665!2d18.942289574961602!3d50.27496989090196!2m3!1f0!2f0!3f0!3m2!1i1024!2i768!4f13.1!3m3!1m2!1s0x4716ce150a66972f%3A0x3f5c74ee950cbcee!2sNotaPress!5e1!3m2!1spl!2spl!4v1764274668380!5m2!1spl!2spl\" width=\"600\" height=\"450\" style=\"border:0;\" allowfullscreen=\"\" loading=\"lazy\" referrerpolicy=\"no-referrer-when-downgrade\"><\/iframe><\/p>\n\n\t\t\n<style>\n#text-356819361 {\n  font-size: 1.25rem;\n  line-height: 1.25;\n}\n<\/style>\n\t<\/div>\n\t\n\n\t\t<\/div>\n\t\t\t\t\t<\/div>\n\n\t\n\n\t<div id=\"col-2078432499\" class=\"col medium-5 large-5\"  >\n\t\t\t\t<div class=\"col-inner\"  >\n\t\t\t\n\t\t\t\n\n\t<div id=\"gap-2085270926\" class=\"gap-element clearfix\" style=\"display:block; height:auto;\">\n\t\t\n<style>\n#gap-2085270926 {\n  padding-top: 40px;\n}\n<\/style>\n\t<\/div>\n\t\n\n  <style>\n    #gallery-375381021 .grid-col-1{height: 450px}\n    #gallery-375381021 .grid-col-1-2{height: 225px}\n    #gallery-375381021 .grid-col-1-3{height:150px}\n    #gallery-375381021 .grid-col-2-3{height: 300px}\n    #gallery-375381021 .grid-col-1-4{height: 112.5px}\n    #gallery-375381021 .grid-col-3-4{height: 337.5px}\n\n\n        \/* Tablet *\/\n    @media (max-width: 850px){\n      #gallery-375381021 .grid-col-1{height: 300px}\n      #gallery-375381021 .grid-col-1-2{height: 150px}\n      #gallery-375381021 .grid-col-1-3{height:100px}\n      #gallery-375381021 .grid-col-2-3{height: 200px}\n      #gallery-375381021 .grid-col-1-4{height: 75px}\n      #gallery-375381021 .grid-col-3-4{height: 225px}\n    }\n    \n        \/* Mobile *\/\n    @media (max-width: 550px){\n      #gallery-375381021 .grid-col-1{height: 300px}\n      #gallery-375381021 .grid-col-1-2{height: 150px}\n      #gallery-375381021 .grid-col-1-3{height:100px}\n      #gallery-375381021 .grid-col-2-3{height: 200px}\n      #gallery-375381021 .grid-col-1-4{height: 75px}\n      #gallery-375381021 .grid-col-3-4{height: 225px}\n    }\n    \n\n  <\/style>\n  \n  \n    <div id=\"gallery-375381021\" class=\"row  lightbox-multi-gallery row-xsmall row-grid\" data-packery-options='{\"itemSelector\": \".col\", \"gutter\": 0, \"presentageWidth\" : true}'>\n\n  <div class=\"gallery-col col grid-col grid-col-1 large-12 medium-12\" data-animate=\"blurIn\">\n          <div class=\"col-inner\">\n            <a class=\"\" href=\"https:\/\/drukarnia2026.chorzow.pl\/wp-content\/uploads\/2023\/06\/notapress_9-1201x800.jpg\" title=\"\">            <div class=\"box has-hover gallery-box box-shade dark box-text-center\">\n              <div class=\"box-image image-zoom image-glow box-shadow-2 box-shadow-3-hover\" >\n                <img loading=\"lazy\" decoding=\"async\" width=\"1020\" height=\"679\" src=\"https:\/\/drukarnia2026.chorzow.pl\/wp-content\/uploads\/2023\/06\/notapress_9-1201x800.jpg\" class=\"attachment-large size-large\" alt=\"\" ids=\"44500\" style=\"shade\" type=\"grid\" grid=\"2\" grid_height=\"450\" col_spacing=\"xsmall\" depth=\"2\" depth_hover=\"3\" animate=\"blurIn\" image_size=\"original\" image_hover=\"zoom\" image_hover_alt=\"glow\" srcset=\"https:\/\/drukarnia2026.chorzow.pl\/wp-content\/uploads\/2023\/06\/notapress_9-1201x800.jpg 1201w, https:\/\/drukarnia2026.chorzow.pl\/wp-content\/uploads\/2023\/06\/notapress_9-1200x800.jpg 1200w, https:\/\/drukarnia2026.chorzow.pl\/wp-content\/uploads\/2023\/06\/notapress_9-600x400.jpg 600w, https:\/\/drukarnia2026.chorzow.pl\/wp-content\/uploads\/2023\/06\/notapress_9-768x512.jpg 768w, https:\/\/drukarnia2026.chorzow.pl\/wp-content\/uploads\/2023\/06\/notapress_9-1536x1023.jpg 1536w, https:\/\/drukarnia2026.chorzow.pl\/wp-content\/uploads\/2023\/06\/notapress_9.jpg 2008w\" sizes=\"auto, (max-width: 1020px) 100vw, 1020px\" title=\"\">                                                  <div class=\"shade\"><\/div>\n                                              <\/div>\n              <div class=\"box-text text-left dark\" >\n                 <p><\/p>\n              <\/div>\n            <\/div>\n            <\/a>          <\/div>\n         <\/div><\/div>\n\n\t<div id=\"gap-1018904563\" class=\"gap-element clearfix\" style=\"display:block; height:auto;\">\n\t\t\n<style>\n#gap-1018904563 {\n  padding-top: 20px;\n}\n<\/style>\n\t<\/div>\n\t\n\n  <style>\n    #gallery-1182176518 .grid-col-1{height: 450px}\n    #gallery-1182176518 .grid-col-1-2{height: 225px}\n    #gallery-1182176518 .grid-col-1-3{height:150px}\n    #gallery-1182176518 .grid-col-2-3{height: 300px}\n    #gallery-1182176518 .grid-col-1-4{height: 112.5px}\n    #gallery-1182176518 .grid-col-3-4{height: 337.5px}\n\n\n        \/* Tablet *\/\n    @media (max-width: 850px){\n      #gallery-1182176518 .grid-col-1{height: 300px}\n      #gallery-1182176518 .grid-col-1-2{height: 150px}\n      #gallery-1182176518 .grid-col-1-3{height:100px}\n      #gallery-1182176518 .grid-col-2-3{height: 200px}\n      #gallery-1182176518 .grid-col-1-4{height: 75px}\n      #gallery-1182176518 .grid-col-3-4{height: 225px}\n    }\n    \n        \/* Mobile *\/\n    @media (max-width: 550px){\n      #gallery-1182176518 .grid-col-1{height: 300px}\n      #gallery-1182176518 .grid-col-1-2{height: 150px}\n      #gallery-1182176518 .grid-col-1-3{height:100px}\n      #gallery-1182176518 .grid-col-2-3{height: 200px}\n      #gallery-1182176518 .grid-col-1-4{height: 75px}\n      #gallery-1182176518 .grid-col-3-4{height: 225px}\n    }\n    \n\n  <\/style>\n  \n  \n    <div id=\"gallery-1182176518\" class=\"row  lightbox-multi-gallery row-small row-grid\" data-packery-options='{\"itemSelector\": \".col\", \"gutter\": 0, \"presentageWidth\" : true}'>\n\n  <div class=\"gallery-col col grid-col grid-col-1 large-4 medium-6\" data-animate=\"blurIn\">\n          <div class=\"col-inner\">\n            <a class=\"\" href=\"https:\/\/drukarnia2026.chorzow.pl\/wp-content\/uploads\/2023\/06\/notapress_5-1201x800.jpg\" title=\"\">            <div class=\"box has-hover gallery-box box-shade dark box-text-center\">\n              <div class=\"box-image image-zoom image-glow box-shadow-2 box-shadow-3-hover\" >\n                <img loading=\"lazy\" decoding=\"async\" width=\"1020\" height=\"679\" src=\"https:\/\/drukarnia2026.chorzow.pl\/wp-content\/uploads\/2023\/06\/notapress_5-1201x800.jpg\" class=\"attachment-large size-large\" alt=\"\" ids=\"44496,44493,44502\" style=\"shade\" type=\"grid\" grid=\"5\" grid_height=\"450\" col_spacing=\"small\" depth=\"2\" depth_hover=\"3\" animate=\"blurIn\" image_size=\"original\" image_hover=\"zoom\" image_hover_alt=\"glow\" text_padding=\"0px 0px 0px 0px\" srcset=\"https:\/\/drukarnia2026.chorzow.pl\/wp-content\/uploads\/2023\/06\/notapress_5-1201x800.jpg 1201w, https:\/\/drukarnia2026.chorzow.pl\/wp-content\/uploads\/2023\/06\/notapress_5-1200x800.jpg 1200w, https:\/\/drukarnia2026.chorzow.pl\/wp-content\/uploads\/2023\/06\/notapress_5-600x400.jpg 600w, https:\/\/drukarnia2026.chorzow.pl\/wp-content\/uploads\/2023\/06\/notapress_5-768x512.jpg 768w, https:\/\/drukarnia2026.chorzow.pl\/wp-content\/uploads\/2023\/06\/notapress_5-1536x1023.jpg 1536w, https:\/\/drukarnia2026.chorzow.pl\/wp-content\/uploads\/2023\/06\/notapress_5.jpg 2008w\" sizes=\"auto, (max-width: 1020px) 100vw, 1020px\" title=\"\">                                                  <div class=\"shade\"><\/div>\n                                              <\/div>\n              <div class=\"box-text text-left dark\" style=\"padding:0px 0px 0px 0px;\">\n                 <p><\/p>\n              <\/div>\n            <\/div>\n            <\/a>          <\/div>\n         <\/div><div class=\"gallery-col col grid-col grid-col-1 large-4 medium-6\" data-animate=\"blurIn\">\n          <div class=\"col-inner\">\n            <a class=\"\" href=\"https:\/\/drukarnia2026.chorzow.pl\/wp-content\/uploads\/2023\/06\/notapress_2-1201x800.jpg\" title=\"\">            <div class=\"box has-hover gallery-box box-shade dark box-text-center\">\n              <div class=\"box-image image-zoom image-glow box-shadow-2 box-shadow-3-hover\" >\n                <img loading=\"lazy\" decoding=\"async\" width=\"1020\" height=\"679\" src=\"https:\/\/drukarnia2026.chorzow.pl\/wp-content\/uploads\/2023\/06\/notapress_2-1201x800.jpg\" class=\"attachment-large size-large\" alt=\"\" ids=\"44496,44493,44502\" style=\"shade\" type=\"grid\" grid=\"5\" grid_height=\"450\" col_spacing=\"small\" depth=\"2\" depth_hover=\"3\" animate=\"blurIn\" image_size=\"original\" image_hover=\"zoom\" image_hover_alt=\"glow\" text_padding=\"0px 0px 0px 0px\" srcset=\"https:\/\/drukarnia2026.chorzow.pl\/wp-content\/uploads\/2023\/06\/notapress_2-1201x800.jpg 1201w, https:\/\/drukarnia2026.chorzow.pl\/wp-content\/uploads\/2023\/06\/notapress_2-1200x800.jpg 1200w, https:\/\/drukarnia2026.chorzow.pl\/wp-content\/uploads\/2023\/06\/notapress_2-600x400.jpg 600w, https:\/\/drukarnia2026.chorzow.pl\/wp-content\/uploads\/2023\/06\/notapress_2-768x512.jpg 768w, https:\/\/drukarnia2026.chorzow.pl\/wp-content\/uploads\/2023\/06\/notapress_2-1536x1023.jpg 1536w, https:\/\/drukarnia2026.chorzow.pl\/wp-content\/uploads\/2023\/06\/notapress_2.jpg 2008w\" sizes=\"auto, (max-width: 1020px) 100vw, 1020px\" title=\"\">                                                  <div class=\"shade\"><\/div>\n                                              <\/div>\n              <div class=\"box-text text-left dark\" style=\"padding:0px 0px 0px 0px;\">\n                 <p><\/p>\n              <\/div>\n            <\/div>\n            <\/a>          <\/div>\n         <\/div><div class=\"gallery-col col grid-col grid-col-1 large-4 medium-6\" data-animate=\"blurIn\">\n          <div class=\"col-inner\">\n            <a class=\"\" href=\"https:\/\/drukarnia2026.chorzow.pl\/wp-content\/uploads\/2023\/06\/notapress_11-1201x800.jpg\" title=\"\">            <div class=\"box has-hover gallery-box box-shade dark box-text-center\">\n              <div class=\"box-image image-zoom image-glow box-shadow-2 box-shadow-3-hover\" >\n                <img loading=\"lazy\" decoding=\"async\" width=\"1020\" height=\"679\" src=\"https:\/\/drukarnia2026.chorzow.pl\/wp-content\/uploads\/2023\/06\/notapress_11-1201x800.jpg\" class=\"attachment-large size-large\" alt=\"\" ids=\"44496,44493,44502\" style=\"shade\" type=\"grid\" grid=\"5\" grid_height=\"450\" col_spacing=\"small\" depth=\"2\" depth_hover=\"3\" animate=\"blurIn\" image_size=\"original\" image_hover=\"zoom\" image_hover_alt=\"glow\" text_padding=\"0px 0px 0px 0px\" srcset=\"https:\/\/drukarnia2026.chorzow.pl\/wp-content\/uploads\/2023\/06\/notapress_11-1201x800.jpg 1201w, https:\/\/drukarnia2026.chorzow.pl\/wp-content\/uploads\/2023\/06\/notapress_11-1200x800.jpg 1200w, https:\/\/drukarnia2026.chorzow.pl\/wp-content\/uploads\/2023\/06\/notapress_11-600x400.jpg 600w, https:\/\/drukarnia2026.chorzow.pl\/wp-content\/uploads\/2023\/06\/notapress_11-768x512.jpg 768w, https:\/\/drukarnia2026.chorzow.pl\/wp-content\/uploads\/2023\/06\/notapress_11-1536x1023.jpg 1536w, https:\/\/drukarnia2026.chorzow.pl\/wp-content\/uploads\/2023\/06\/notapress_11.jpg 2008w\" sizes=\"auto, (max-width: 1020px) 100vw, 1020px\" title=\"\">                                                  <div class=\"shade\"><\/div>\n                                              <\/div>\n              <div class=\"box-text text-left dark\" style=\"padding:0px 0px 0px 0px;\">\n                 <p><\/p>\n              <\/div>\n            <\/div>\n            <\/a>          <\/div>\n         <\/div><\/div>\n\n\n\t\t<\/div>\n\t\t\t\t\t<\/div>\n\n\t\n\n<\/div>\n\n\n\n<p><\/p>","protected":false},"excerpt":{"rendered":"","protected":false},"author":1,"featured_media":23,"parent":0,"menu_order":0,"comment_status":"closed","ping_status":"closed","template":"page-blank.php","meta":{"footnotes":""},"class_list":["post-99","page","type-page","status-publish","has-post-thumbnail","hentry"],"_links":{"self":[{"href":"https:\/\/drukarnia2026.chorzow.pl\/en\/wp-json\/wp\/v2\/pages\/99","targetHints":{"allow":["GET"]}}],"collection":[{"href":"https:\/\/drukarnia2026.chorzow.pl\/en\/wp-json\/wp\/v2\/pages"}],"about":[{"href":"https:\/\/drukarnia2026.chorzow.pl\/en\/wp-json\/wp\/v2\/types\/page"}],"author":[{"embeddable":true,"href":"https:\/\/drukarnia2026.chorzow.pl\/en\/wp-json\/wp\/v2\/users\/1"}],"replies":[{"embeddable":true,"href":"https:\/\/drukarnia2026.chorzow.pl\/en\/wp-json\/wp\/v2\/comments?post=99"}],"version-history":[{"count":73,"href":"https:\/\/drukarnia2026.chorzow.pl\/en\/wp-json\/wp\/v2\/pages\/99\/revisions"}],"predecessor-version":[{"id":90783,"href":"https:\/\/drukarnia2026.chorzow.pl\/en\/wp-json\/wp\/v2\/pages\/99\/revisions\/90783"}],"wp:featuredmedia":[{"embeddable":true,"href":"https:\/\/drukarnia2026.chorzow.pl\/en\/wp-json\/wp\/v2\/media\/23"}],"wp:attachment":[{"href":"https:\/\/drukarnia2026.chorzow.pl\/en\/wp-json\/wp\/v2\/media?parent=99"}],"curies":[{"name":"wp","href":"https:\/\/api.w.org\/{rel}","templated":true}]}}