{"id":91607,"date":"2026-03-17T08:25:33","date_gmt":"2026-03-17T07:25:33","guid":{"rendered":"https:\/\/drukarnia2026.chorzow.pl\/?post_type=product&#038;p=91607"},"modified":"2026-04-01T12:39:18","modified_gmt":"2026-04-01T10:39:18","slug":"mini-paleciak-element-dekoracyjny","status":"publish","type":"product","link":"https:\/\/drukarnia2026.chorzow.pl\/en\/product\/mini-paleciak-element-dekoracyjny\/","title":{"rendered":"Mini Jack"},"content":{"rendered":"<h1>Mini Jack<\/h1>\n<p>Imitacja paleciaka r\u0119cznego u\u017cywanego do podnoszenia palet, idealnie pasuje jako komplet z minipaletk\u0105 drewnian\u0105 z notesem reklamowym.<\/p>\n<p>Mini Paleciak reklamowy, pasuje do wszystkich paletek z notesem z naszego asortymentu. Jest to idealne dope\u0142nienie imitacji transportu palet.<\/p>\n<p>Mini Paleciak standardowo wykonany jest w kolorze \u017c\u00f3\u0142to-czarnym ale mo\u017ce by\u0107 r\u00f3wnie\u017c w innych kolorach.<\/p>\n<figure id=\"attachment_81838\" aria-describedby=\"caption-attachment-81838\" style=\"width: 400px\" class=\"wp-caption alignnone\"><img loading=\"lazy\" decoding=\"async\" class=\"wp-image-81838 size-medium\" src=\"https:\/\/drukarnia2026.chorzow.pl\/wp-content\/uploads\/2022\/02\/Minipaletka-BOKIOFFSET-MAIN-400x400.jpg\" alt=\"Obrazek mini-paletki reklamowe z nadrukiem na kartkach i bokach. Najlepsza reklama dla bran\u017cy TSL.\" width=\"400\" height=\"400\" title=\"\" srcset=\"https:\/\/drukarnia2026.chorzow.pl\/wp-content\/uploads\/2022\/02\/Minipaletka-BOKIOFFSET-MAIN-400x400.jpg 400w, https:\/\/drukarnia2026.chorzow.pl\/wp-content\/uploads\/2022\/02\/Minipaletka-BOKIOFFSET-MAIN-100x100.jpg 100w, https:\/\/drukarnia2026.chorzow.pl\/wp-content\/uploads\/2022\/02\/Minipaletka-BOKIOFFSET-MAIN-800x800.jpg 800w, https:\/\/drukarnia2026.chorzow.pl\/wp-content\/uploads\/2022\/02\/Minipaletka-BOKIOFFSET-MAIN-150x150.jpg 150w, https:\/\/drukarnia2026.chorzow.pl\/wp-content\/uploads\/2022\/02\/Minipaletka-BOKIOFFSET-MAIN-768x768.jpg 768w, https:\/\/drukarnia2026.chorzow.pl\/wp-content\/uploads\/2022\/02\/Minipaletka-BOKIOFFSET-MAIN.jpg 1080w\" sizes=\"auto, (max-width: 400px) 100vw, 400px\" \/><figcaption id=\"caption-attachment-81838\" class=\"wp-caption-text\">Mini-paletka reklamowa z nadrukiem na kartkach i na bokach.<\/figcaption><\/figure>","protected":false},"excerpt":{"rendered":"<p><strong>Pr-1\u00a0 paleciak reklamowy<\/strong><\/p>\n<p>&nbsp;<\/p>","protected":false},"featured_media":91648,"template":"","meta":[],"product_brand":[1102],"product_cat":[72],"product_tag":[],"class_list":{"0":"post-91607","1":"product","2":"type-product","3":"status-publish","4":"has-post-thumbnail","6":"product_brand-notapress","7":"product_cat-minipaletki","9":"first","10":"onbackorder","11":"taxable","12":"shipping-taxable","13":"purchasable","14":"product-type-simple"},"_links":{"self":[{"href":"https:\/\/drukarnia2026.chorzow.pl\/en\/wp-json\/wp\/v2\/product\/91607","targetHints":{"allow":["GET"]}}],"collection":[{"href":"https:\/\/drukarnia2026.chorzow.pl\/en\/wp-json\/wp\/v2\/product"}],"about":[{"href":"https:\/\/drukarnia2026.chorzow.pl\/en\/wp-json\/wp\/v2\/types\/product"}],"wp:featuredmedia":[{"embeddable":true,"href":"https:\/\/drukarnia2026.chorzow.pl\/en\/wp-json\/wp\/v2\/media\/91648"}],"wp:attachment":[{"href":"https:\/\/drukarnia2026.chorzow.pl\/en\/wp-json\/wp\/v2\/media?parent=91607"}],"wp:term":[{"taxonomy":"product_brand","embeddable":true,"href":"https:\/\/drukarnia2026.chorzow.pl\/en\/wp-json\/wp\/v2\/product_brand?post=91607"},{"taxonomy":"product_cat","embeddable":true,"href":"https:\/\/drukarnia2026.chorzow.pl\/en\/wp-json\/wp\/v2\/product_cat?post=91607"},{"taxonomy":"product_tag","embeddable":true,"href":"https:\/\/drukarnia2026.chorzow.pl\/en\/wp-json\/wp\/v2\/product_tag?post=91607"}],"curies":[{"name":"wp","href":"https:\/\/api.w.org\/{rel}","templated":true}]}}